{"id":142,"date":"2021-11-17T01:26:12","date_gmt":"2021-11-17T00:26:12","guid":{"rendered":"http:\/\/tchibo2go-hungary.dennisjonda.dev\/smokin-bean\/?page_id=142"},"modified":"2024-01-25T14:05:53","modified_gmt":"2024-01-25T13:05:53","slug":"coffee","status":"publish","type":"page","link":"https:\/\/tchibo2go.hr\/smokin-bean\/coffee\/","title":{"rendered":"Smokin\u2019 Bean kava"},"content":{"rendered":"","protected":false},"excerpt":{"rendered":"","protected":false},"author":1,"featured_media":0,"parent":0,"menu_order":0,"comment_status":"closed","ping_status":"closed","template":"","meta":{"footnotes":""},"class_list":["post-142","page","type-page","status-publish","hentry"],"yoast_head":"<!-- This site is optimized with the Yoast SEO plugin v18.6 - https:\/\/yoast.com\/wordpress\/plugins\/seo\/ -->\n<title>Smokin\u2019 Bean - odr\u017eiva i eti\u010dki proizvedena premium kava<\/title>\n<meta name=\"description\" content=\"Sve kave Smokin&#039; Bean certificirane su kao odr\u017eive i nabavljaju se preko zadruga u Srednjoj i Ju\u017enoj Americi i Africi.\" \/>\n<meta name=\"robots\" content=\"index, follow, max-snippet:-1, max-image-preview:large, max-video-preview:-1\" \/>\n<link rel=\"canonical\" href=\"https:\/\/tchibo2go.hr\/smokin-bean\/coffee\/\" \/>\n<meta property=\"og:locale\" content=\"de_DE\" \/>\n<meta property=\"og:type\" content=\"article\" \/>\n<meta property=\"og:title\" content=\"Smokin\u2019 Bean - odr\u017eiva i eti\u010dki proizvedena premium kava\" \/>\n<meta property=\"og:description\" content=\"Sve kave Smokin&#039; Bean certificirane su kao odr\u017eive i nabavljaju se preko zadruga u Srednjoj i Ju\u017enoj Americi i Africi.\" \/>\n<meta property=\"og:url\" content=\"https:\/\/tchibo2go.hr\/smokin-bean\/coffee\/\" \/>\n<meta property=\"og:site_name\" content=\"Smokin&#039; Bean\" \/>\n<meta property=\"article:modified_time\" content=\"2024-01-25T13:05:53+00:00\" \/>\n<meta name=\"twitter:card\" content=\"summary_large_image\" \/>\n<script type=\"application\/ld+json\" class=\"yoast-schema-graph\">{\"@context\":\"https:\/\/schema.org\",\"@graph\":[{\"@type\":\"Organization\",\"@id\":\"https:\/\/tchibo2go.hr\/smokin-bean\/#organization\",\"name\":\"Tchibo2Go - Smokin' Bean\",\"url\":\"https:\/\/tchibo2go.hr\/smokin-bean\/\",\"sameAs\":[],\"logo\":{\"@type\":\"ImageObject\",\"@id\":\"https:\/\/tchibo2go.hr\/smokin-bean\/#logo\",\"inLanguage\":\"de\",\"url\":\"https:\/\/tchibo2go.hr\/smokin-bean\/wp-content\/uploads\/sites\/2\/2021\/11\/Element-1.svg\",\"contentUrl\":\"https:\/\/tchibo2go.hr\/smokin-bean\/wp-content\/uploads\/sites\/2\/2021\/11\/Element-1.svg\",\"width\":\"1024\",\"height\":\"1024\",\"caption\":\"Tchibo2Go - Smokin' Bean\"},\"image\":{\"@id\":\"https:\/\/tchibo2go.hr\/smokin-bean\/#logo\"}},{\"@type\":\"WebSite\",\"@id\":\"https:\/\/tchibo2go.hr\/smokin-bean\/#website\",\"url\":\"https:\/\/tchibo2go.hr\/smokin-bean\/\",\"name\":\"Smokin' Bean\",\"description\":\"Eine weitere Tchibo2Go Websites Website\",\"publisher\":{\"@id\":\"https:\/\/tchibo2go.hr\/smokin-bean\/#organization\"},\"potentialAction\":[{\"@type\":\"SearchAction\",\"target\":{\"@type\":\"EntryPoint\",\"urlTemplate\":\"https:\/\/tchibo2go.hr\/smokin-bean\/?s={search_term_string}\"},\"query-input\":\"required name=search_term_string\"}],\"inLanguage\":\"de\"},{\"@type\":\"WebPage\",\"@id\":\"https:\/\/tchibo2go.hr\/smokin-bean\/coffee\/#webpage\",\"url\":\"https:\/\/tchibo2go.hr\/smokin-bean\/coffee\/\",\"name\":\"Smokin\u2019 Bean - odr\u017eiva i eti\u010dki proizvedena premium kava\",\"isPartOf\":{\"@id\":\"https:\/\/tchibo2go.hr\/smokin-bean\/#website\"},\"datePublished\":\"2021-11-17T00:26:12+00:00\",\"dateModified\":\"2024-01-25T13:05:53+00:00\",\"description\":\"Sve kave Smokin' Bean certificirane su kao odr\u017eive i nabavljaju se preko zadruga u Srednjoj i Ju\u017enoj Americi i Africi.\",\"breadcrumb\":{\"@id\":\"https:\/\/tchibo2go.hr\/smokin-bean\/coffee\/#breadcrumb\"},\"inLanguage\":\"de\",\"potentialAction\":[{\"@type\":\"ReadAction\",\"target\":[\"https:\/\/tchibo2go.hr\/smokin-bean\/coffee\/\"]}]},{\"@type\":\"BreadcrumbList\",\"@id\":\"https:\/\/tchibo2go.hr\/smokin-bean\/coffee\/#breadcrumb\",\"itemListElement\":[{\"@type\":\"ListItem\",\"position\":1,\"name\":\"Startseite\",\"item\":\"https:\/\/tchibo2go.hr\/smokin-bean\/\"},{\"@type\":\"ListItem\",\"position\":2,\"name\":\"Smokin\u2019 Bean kava\"}]}]}<\/script>\n<!-- \/ Yoast SEO plugin. -->","yoast_head_json":{"title":"Smokin\u2019 Bean - odr\u017eiva i eti\u010dki proizvedena premium kava","description":"Sve kave Smokin' Bean certificirane su kao odr\u017eive i nabavljaju se preko zadruga u Srednjoj i Ju\u017enoj Americi i Africi.","robots":{"index":"index","follow":"follow","max-snippet":"max-snippet:-1","max-image-preview":"max-image-preview:large","max-video-preview":"max-video-preview:-1"},"canonical":"https:\/\/tchibo2go.hr\/smokin-bean\/coffee\/","og_locale":"de_DE","og_type":"article","og_title":"Smokin\u2019 Bean - odr\u017eiva i eti\u010dki proizvedena premium kava","og_description":"Sve kave Smokin' Bean certificirane su kao odr\u017eive i nabavljaju se preko zadruga u Srednjoj i Ju\u017enoj Americi i Africi.","og_url":"https:\/\/tchibo2go.hr\/smokin-bean\/coffee\/","og_site_name":"Smokin' Bean","article_modified_time":"2024-01-25T13:05:53+00:00","twitter_card":"summary_large_image","schema":{"@context":"https:\/\/schema.org","@graph":[{"@type":"Organization","@id":"https:\/\/tchibo2go.hr\/smokin-bean\/#organization","name":"Tchibo2Go - Smokin' Bean","url":"https:\/\/tchibo2go.hr\/smokin-bean\/","sameAs":[],"logo":{"@type":"ImageObject","@id":"https:\/\/tchibo2go.hr\/smokin-bean\/#logo","inLanguage":"de","url":"https:\/\/tchibo2go.hr\/smokin-bean\/wp-content\/uploads\/sites\/2\/2021\/11\/Element-1.svg","contentUrl":"https:\/\/tchibo2go.hr\/smokin-bean\/wp-content\/uploads\/sites\/2\/2021\/11\/Element-1.svg","width":"1024","height":"1024","caption":"Tchibo2Go - Smokin' Bean"},"image":{"@id":"https:\/\/tchibo2go.hr\/smokin-bean\/#logo"}},{"@type":"WebSite","@id":"https:\/\/tchibo2go.hr\/smokin-bean\/#website","url":"https:\/\/tchibo2go.hr\/smokin-bean\/","name":"Smokin' Bean","description":"Eine weitere Tchibo2Go Websites Website","publisher":{"@id":"https:\/\/tchibo2go.hr\/smokin-bean\/#organization"},"potentialAction":[{"@type":"SearchAction","target":{"@type":"EntryPoint","urlTemplate":"https:\/\/tchibo2go.hr\/smokin-bean\/?s={search_term_string}"},"query-input":"required name=search_term_string"}],"inLanguage":"de"},{"@type":"WebPage","@id":"https:\/\/tchibo2go.hr\/smokin-bean\/coffee\/#webpage","url":"https:\/\/tchibo2go.hr\/smokin-bean\/coffee\/","name":"Smokin\u2019 Bean - odr\u017eiva i eti\u010dki proizvedena premium kava","isPartOf":{"@id":"https:\/\/tchibo2go.hr\/smokin-bean\/#website"},"datePublished":"2021-11-17T00:26:12+00:00","dateModified":"2024-01-25T13:05:53+00:00","description":"Sve kave Smokin' Bean certificirane su kao odr\u017eive i nabavljaju se preko zadruga u Srednjoj i Ju\u017enoj Americi i Africi.","breadcrumb":{"@id":"https:\/\/tchibo2go.hr\/smokin-bean\/coffee\/#breadcrumb"},"inLanguage":"de","potentialAction":[{"@type":"ReadAction","target":["https:\/\/tchibo2go.hr\/smokin-bean\/coffee\/"]}]},{"@type":"BreadcrumbList","@id":"https:\/\/tchibo2go.hr\/smokin-bean\/coffee\/#breadcrumb","itemListElement":[{"@type":"ListItem","position":1,"name":"Startseite","item":"https:\/\/tchibo2go.hr\/smokin-bean\/"},{"@type":"ListItem","position":2,"name":"Smokin\u2019 Bean kava"}]}]}},"_links":{"self":[{"href":"https:\/\/tchibo2go.hr\/smokin-bean\/wp-json\/wp\/v2\/pages\/142","targetHints":{"allow":["GET"]}}],"collection":[{"href":"https:\/\/tchibo2go.hr\/smokin-bean\/wp-json\/wp\/v2\/pages"}],"about":[{"href":"https:\/\/tchibo2go.hr\/smokin-bean\/wp-json\/wp\/v2\/types\/page"}],"author":[{"embeddable":true,"href":"https:\/\/tchibo2go.hr\/smokin-bean\/wp-json\/wp\/v2\/users\/1"}],"replies":[{"embeddable":true,"href":"https:\/\/tchibo2go.hr\/smokin-bean\/wp-json\/wp\/v2\/comments?post=142"}],"version-history":[{"count":37,"href":"https:\/\/tchibo2go.hr\/smokin-bean\/wp-json\/wp\/v2\/pages\/142\/revisions"}],"predecessor-version":[{"id":400,"href":"https:\/\/tchibo2go.hr\/smokin-bean\/wp-json\/wp\/v2\/pages\/142\/revisions\/400"}],"wp:attachment":[{"href":"https:\/\/tchibo2go.hr\/smokin-bean\/wp-json\/wp\/v2\/media?parent=142"}],"curies":[{"name":"wp","href":"https:\/\/api.w.org\/{rel}","templated":true}]}}