{"id":133,"date":"2021-11-16T20:55:49","date_gmt":"2021-11-16T19:55:49","guid":{"rendered":"http:\/\/tchibo2go-hungary.dennisjonda.dev\/smokin-bean\/?page_id=133"},"modified":"2024-03-26T14:45:16","modified_gmt":"2024-03-26T13:45:16","slug":"cups","status":"publish","type":"page","link":"https:\/\/tchibo2go.hr\/smokin-bean\/cups\/","title":{"rendered":"Smokin&#8216; Bean \u0161alice"},"content":{"rendered":"<p>Na\u0161 asortiman potpuno biljnih \u0161alica Smokin\u2019 Bean pokriva \u010detiri veli\u010dine, od 100 ml za ljubitelje espressa do 400 ml za u\u017eivanje u velikim specijalitetima kave s mlijekom u pokretu.<\/p>\n","protected":false},"excerpt":{"rendered":"<p>Na\u0161 asortiman potpuno biljnih \u0161alica Smokin\u2019 Bean pokriva \u010detiri veli\u010dine, od 100 ml za ljubitelje espressa do 400 ml za u\u017eivanje u velikim specijalitetima kave s mlijekom u pokretu.<\/p>\n","protected":false},"author":1,"featured_media":0,"parent":0,"menu_order":0,"comment_status":"closed","ping_status":"closed","template":"","meta":{"footnotes":""},"class_list":["post-133","page","type-page","status-publish","hentry"],"yoast_head":"<!-- This site is optimized with the Yoast SEO plugin v18.6 - https:\/\/yoast.com\/wordpress\/plugins\/seo\/ -->\n<title>\u0160alice za ponijeti na biljnoj bazi - Smokin&#039; Bean<\/title>\n<meta name=\"description\" content=\"Ponudite svoju odr\u017eivu kavu za van u \u0161alicama 100% biljnog podrijetla. Provjerite na\u0161e Smokin&#039; Bean Tumblers!\" \/>\n<meta name=\"robots\" content=\"index, follow, max-snippet:-1, max-image-preview:large, max-video-preview:-1\" \/>\n<link rel=\"canonical\" href=\"https:\/\/tchibo2go.hr\/smokin-bean\/cups\/\" \/>\n<meta property=\"og:locale\" content=\"de_DE\" \/>\n<meta property=\"og:type\" content=\"article\" \/>\n<meta property=\"og:title\" content=\"\u0160alice za ponijeti na biljnoj bazi - Smokin&#039; Bean\" \/>\n<meta property=\"og:description\" content=\"Ponudite svoju odr\u017eivu kavu za van u \u0161alicama 100% biljnog podrijetla. Provjerite na\u0161e Smokin&#039; Bean Tumblers!\" \/>\n<meta property=\"og:url\" content=\"https:\/\/tchibo2go.hr\/smokin-bean\/cups\/\" \/>\n<meta property=\"og:site_name\" content=\"Smokin&#039; Bean\" \/>\n<meta property=\"article:modified_time\" content=\"2024-03-26T13:45:16+00:00\" \/>\n<meta name=\"twitter:card\" content=\"summary_large_image\" \/>\n<meta name=\"twitter:label1\" content=\"Gesch\u00e4tzte Lesezeit\" \/>\n\t<meta name=\"twitter:data1\" content=\"9\u00a0Minuten\" \/>\n<script type=\"application\/ld+json\" class=\"yoast-schema-graph\">{\"@context\":\"https:\/\/schema.org\",\"@graph\":[{\"@type\":\"Organization\",\"@id\":\"https:\/\/tchibo2go.hr\/smokin-bean\/#organization\",\"name\":\"Tchibo2Go - Smokin' Bean\",\"url\":\"https:\/\/tchibo2go.hr\/smokin-bean\/\",\"sameAs\":[],\"logo\":{\"@type\":\"ImageObject\",\"@id\":\"https:\/\/tchibo2go.hr\/smokin-bean\/#logo\",\"inLanguage\":\"de\",\"url\":\"https:\/\/tchibo2go.hr\/smokin-bean\/wp-content\/uploads\/sites\/2\/2021\/11\/Element-1.svg\",\"contentUrl\":\"https:\/\/tchibo2go.hr\/smokin-bean\/wp-content\/uploads\/sites\/2\/2021\/11\/Element-1.svg\",\"width\":\"1024\",\"height\":\"1024\",\"caption\":\"Tchibo2Go - Smokin' Bean\"},\"image\":{\"@id\":\"https:\/\/tchibo2go.hr\/smokin-bean\/#logo\"}},{\"@type\":\"WebSite\",\"@id\":\"https:\/\/tchibo2go.hr\/smokin-bean\/#website\",\"url\":\"https:\/\/tchibo2go.hr\/smokin-bean\/\",\"name\":\"Smokin' Bean\",\"description\":\"Eine weitere Tchibo2Go Websites Website\",\"publisher\":{\"@id\":\"https:\/\/tchibo2go.hr\/smokin-bean\/#organization\"},\"potentialAction\":[{\"@type\":\"SearchAction\",\"target\":{\"@type\":\"EntryPoint\",\"urlTemplate\":\"https:\/\/tchibo2go.hr\/smokin-bean\/?s={search_term_string}\"},\"query-input\":\"required name=search_term_string\"}],\"inLanguage\":\"de\"},{\"@type\":\"WebPage\",\"@id\":\"https:\/\/tchibo2go.hr\/smokin-bean\/cups\/#webpage\",\"url\":\"https:\/\/tchibo2go.hr\/smokin-bean\/cups\/\",\"name\":\"\u0160alice za ponijeti na biljnoj bazi - Smokin' Bean\",\"isPartOf\":{\"@id\":\"https:\/\/tchibo2go.hr\/smokin-bean\/#website\"},\"datePublished\":\"2021-11-16T19:55:49+00:00\",\"dateModified\":\"2024-03-26T13:45:16+00:00\",\"description\":\"Ponudite svoju odr\u017eivu kavu za van u \u0161alicama 100% biljnog podrijetla. Provjerite na\u0161e Smokin' Bean Tumblers!\",\"breadcrumb\":{\"@id\":\"https:\/\/tchibo2go.hr\/smokin-bean\/cups\/#breadcrumb\"},\"inLanguage\":\"de\",\"potentialAction\":[{\"@type\":\"ReadAction\",\"target\":[\"https:\/\/tchibo2go.hr\/smokin-bean\/cups\/\"]}]},{\"@type\":\"BreadcrumbList\",\"@id\":\"https:\/\/tchibo2go.hr\/smokin-bean\/cups\/#breadcrumb\",\"itemListElement\":[{\"@type\":\"ListItem\",\"position\":1,\"name\":\"Startseite\",\"item\":\"https:\/\/tchibo2go.hr\/smokin-bean\/\"},{\"@type\":\"ListItem\",\"position\":2,\"name\":\"Smokin&#8216; Bean \u0161alice\"}]}]}<\/script>\n<!-- \/ Yoast SEO plugin. -->","yoast_head_json":{"title":"\u0160alice za ponijeti na biljnoj bazi - Smokin' Bean","description":"Ponudite svoju odr\u017eivu kavu za van u \u0161alicama 100% biljnog podrijetla. Provjerite na\u0161e Smokin' Bean Tumblers!","robots":{"index":"index","follow":"follow","max-snippet":"max-snippet:-1","max-image-preview":"max-image-preview:large","max-video-preview":"max-video-preview:-1"},"canonical":"https:\/\/tchibo2go.hr\/smokin-bean\/cups\/","og_locale":"de_DE","og_type":"article","og_title":"\u0160alice za ponijeti na biljnoj bazi - Smokin' Bean","og_description":"Ponudite svoju odr\u017eivu kavu za van u \u0161alicama 100% biljnog podrijetla. Provjerite na\u0161e Smokin' Bean Tumblers!","og_url":"https:\/\/tchibo2go.hr\/smokin-bean\/cups\/","og_site_name":"Smokin' Bean","article_modified_time":"2024-03-26T13:45:16+00:00","twitter_card":"summary_large_image","twitter_misc":{"Gesch\u00e4tzte Lesezeit":"9\u00a0Minuten"},"schema":{"@context":"https:\/\/schema.org","@graph":[{"@type":"Organization","@id":"https:\/\/tchibo2go.hr\/smokin-bean\/#organization","name":"Tchibo2Go - Smokin' Bean","url":"https:\/\/tchibo2go.hr\/smokin-bean\/","sameAs":[],"logo":{"@type":"ImageObject","@id":"https:\/\/tchibo2go.hr\/smokin-bean\/#logo","inLanguage":"de","url":"https:\/\/tchibo2go.hr\/smokin-bean\/wp-content\/uploads\/sites\/2\/2021\/11\/Element-1.svg","contentUrl":"https:\/\/tchibo2go.hr\/smokin-bean\/wp-content\/uploads\/sites\/2\/2021\/11\/Element-1.svg","width":"1024","height":"1024","caption":"Tchibo2Go - Smokin' Bean"},"image":{"@id":"https:\/\/tchibo2go.hr\/smokin-bean\/#logo"}},{"@type":"WebSite","@id":"https:\/\/tchibo2go.hr\/smokin-bean\/#website","url":"https:\/\/tchibo2go.hr\/smokin-bean\/","name":"Smokin' Bean","description":"Eine weitere Tchibo2Go Websites Website","publisher":{"@id":"https:\/\/tchibo2go.hr\/smokin-bean\/#organization"},"potentialAction":[{"@type":"SearchAction","target":{"@type":"EntryPoint","urlTemplate":"https:\/\/tchibo2go.hr\/smokin-bean\/?s={search_term_string}"},"query-input":"required name=search_term_string"}],"inLanguage":"de"},{"@type":"WebPage","@id":"https:\/\/tchibo2go.hr\/smokin-bean\/cups\/#webpage","url":"https:\/\/tchibo2go.hr\/smokin-bean\/cups\/","name":"\u0160alice za ponijeti na biljnoj bazi - Smokin' Bean","isPartOf":{"@id":"https:\/\/tchibo2go.hr\/smokin-bean\/#website"},"datePublished":"2021-11-16T19:55:49+00:00","dateModified":"2024-03-26T13:45:16+00:00","description":"Ponudite svoju odr\u017eivu kavu za van u \u0161alicama 100% biljnog podrijetla. Provjerite na\u0161e Smokin' Bean Tumblers!","breadcrumb":{"@id":"https:\/\/tchibo2go.hr\/smokin-bean\/cups\/#breadcrumb"},"inLanguage":"de","potentialAction":[{"@type":"ReadAction","target":["https:\/\/tchibo2go.hr\/smokin-bean\/cups\/"]}]},{"@type":"BreadcrumbList","@id":"https:\/\/tchibo2go.hr\/smokin-bean\/cups\/#breadcrumb","itemListElement":[{"@type":"ListItem","position":1,"name":"Startseite","item":"https:\/\/tchibo2go.hr\/smokin-bean\/"},{"@type":"ListItem","position":2,"name":"Smokin&#8216; Bean \u0161alice"}]}]}},"_links":{"self":[{"href":"https:\/\/tchibo2go.hr\/smokin-bean\/wp-json\/wp\/v2\/pages\/133","targetHints":{"allow":["GET"]}}],"collection":[{"href":"https:\/\/tchibo2go.hr\/smokin-bean\/wp-json\/wp\/v2\/pages"}],"about":[{"href":"https:\/\/tchibo2go.hr\/smokin-bean\/wp-json\/wp\/v2\/types\/page"}],"author":[{"embeddable":true,"href":"https:\/\/tchibo2go.hr\/smokin-bean\/wp-json\/wp\/v2\/users\/1"}],"replies":[{"embeddable":true,"href":"https:\/\/tchibo2go.hr\/smokin-bean\/wp-json\/wp\/v2\/comments?post=133"}],"version-history":[{"count":17,"href":"https:\/\/tchibo2go.hr\/smokin-bean\/wp-json\/wp\/v2\/pages\/133\/revisions"}],"predecessor-version":[{"id":402,"href":"https:\/\/tchibo2go.hr\/smokin-bean\/wp-json\/wp\/v2\/pages\/133\/revisions\/402"}],"wp:attachment":[{"href":"https:\/\/tchibo2go.hr\/smokin-bean\/wp-json\/wp\/v2\/media?parent=133"}],"curies":[{"name":"wp","href":"https:\/\/api.w.org\/{rel}","templated":true}]}}